{"id":44,"date":"2021-07-07T10:16:17","date_gmt":"2021-07-07T10:16:17","guid":{"rendered":"https:\/\/trip.rj-photo.ch\/?page_id=44"},"modified":"2021-07-07T10:23:31","modified_gmt":"2021-07-07T10:23:31","slug":"copyright-kopierschutz","status":"publish","type":"page","link":"https:\/\/trip.rj-photo.ch\/index.php\/copyright-kopierschutz\/","title":{"rendered":"Copyright \/ Kopierschutz"},"content":{"rendered":"\n<p>Die Copyrights (Urheberrechte) der Fotos (Negative sowie digitale Daten) bleiben in jedem Fall beim Fotografen Jo\u00ebl Rechsteiner.<br>F\u00fcr das Ver\u00f6ffentlichen in Print- und\/oder elektronischen Medien gelten folgende Urheberrechtsbestimmungen:<\/p>\n\n\n\n<ul class=\"wp-block-list\"><li>Die Einwilligung des Fotografen ist in jedem einzelnen Fall einzuholen.<\/li><li>Die Fotos sind immer honorarpflichtig (branchen\u00fcbliche Preise, R\u00fcckfrage beim Autor).<\/li><li>Die Namensnennung des Autors ist obligatorisch (Foto: joelrechsteiner.ch).<\/li><li>Ein Belegsexemplar muss dem Fotografen zugesendet werden.<\/li><\/ul>\n\n\n\n<p>Abweichungen von diesen Bestimmungen gelten nur, wenn sie vom Fotografen schriftlich best\u00e4tigt wurden.<br>Ein Verstoss gegen diese Urheberrechtsbestimmungen werden in jedem Fall rechtlich geahndet.<\/p>\n\n\n\n<p>07.07.2021<\/p>\n","protected":false},"excerpt":{"rendered":"<p>Die Copyrights (Urheberrechte) der Fotos (Negative sowie digitale Daten) bleiben in jedem Fall beim Fotografen Jo\u00ebl Rechsteiner.F\u00fcr das Ver\u00f6ffentlichen in Print- und\/oder elektronischen Medien gelten folgende Urheberrechtsbestimmungen: Die Einwilligung des Fotografen ist in jedem einzelnen Fall einzuholen. Die Fotos sind immer honorarpflichtig (branchen\u00fcbliche Preise, R\u00fcckfrage beim Autor). Die Namensnennung des Autors ist obligatorisch (Foto: joelrechsteiner.ch). &hellip; <\/p>\n<p class=\"link-more\"><a href=\"https:\/\/trip.rj-photo.ch\/index.php\/copyright-kopierschutz\/\" class=\"more-link\"><span class=\"screen-reader-text\">&#8222;Copyright \/ Kopierschutz&#8220;<\/span> weiterlesen<\/a><\/p>\n","protected":false},"author":1,"featured_media":0,"parent":0,"menu_order":0,"comment_status":"closed","ping_status":"closed","template":"","meta":{"footnotes":""},"class_list":["post-44","page","type-page","status-publish","hentry","entry"],"_links":{"self":[{"href":"https:\/\/trip.rj-photo.ch\/index.php\/wp-json\/wp\/v2\/pages\/44","targetHints":{"allow":["GET"]}}],"collection":[{"href":"https:\/\/trip.rj-photo.ch\/index.php\/wp-json\/wp\/v2\/pages"}],"about":[{"href":"https:\/\/trip.rj-photo.ch\/index.php\/wp-json\/wp\/v2\/types\/page"}],"author":[{"embeddable":true,"href":"https:\/\/trip.rj-photo.ch\/index.php\/wp-json\/wp\/v2\/users\/1"}],"replies":[{"embeddable":true,"href":"https:\/\/trip.rj-photo.ch\/index.php\/wp-json\/wp\/v2\/comments?post=44"}],"version-history":[{"count":3,"href":"https:\/\/trip.rj-photo.ch\/index.php\/wp-json\/wp\/v2\/pages\/44\/revisions"}],"predecessor-version":[{"id":50,"href":"https:\/\/trip.rj-photo.ch\/index.php\/wp-json\/wp\/v2\/pages\/44\/revisions\/50"}],"wp:attachment":[{"href":"https:\/\/trip.rj-photo.ch\/index.php\/wp-json\/wp\/v2\/media?parent=44"}],"curies":[{"name":"wp","href":"https:\/\/api.w.org\/{rel}","templated":true}]}}